{"id":1157,"date":"2025-01-22T11:19:01","date_gmt":"2025-01-22T08:19:01","guid":{"rendered":"https:\/\/www.vbap.com.tr\/tr_TR\/?page_id=1157"},"modified":"2025-01-23T12:46:16","modified_gmt":"2025-01-23T09:46:16","slug":"vbap-akademi","status":"publish","type":"page","link":"https:\/\/www.vbap.com.tr\/tr_TR\/vbap-akademi","title":{"rendered":"VBAP Akademi"},"content":{"rendered":"<div class=\"singleHeading\">\n\t<div class=\"inner\">\n\t\t\t\t<div class=\"text\">VBAP ve weHIRE \u0130\u015f Birli\u011fi: E\u011fitimden Kariyere Bir Ad\u0131m!<\/div>\n\t<\/div>\n<\/div>\n\n\n<p>VBAP olarak, SAP e\u011fitimlerimize kat\u0131lan yetenekli bireyler i\u00e7in i\u015f f\u0131rsatlar\u0131 sunmay\u0131 hedefleyen bir i\u015f birli\u011fiyle weHIRE ile g\u00fc\u00e7lerimizi birle\u015ftirdik. Bu ortakl\u0131k sayesinde, hem insan kaynaklar\u0131 s\u00fcre\u00e7lerinin dijital d\u00f6n\u00fc\u015f\u00fcm\u00fcne katk\u0131 sa\u011fl\u0131yor hem de i\u015fletmelerin ihtiya\u00e7lar\u0131na uygun, yetkin ekipler olu\u015fturmas\u0131na yard\u0131mc\u0131 oluyoruz.<\/p>\n\n\n\n<p>VBAP\u2019\u0131n ileri teknoloji SAP \u00e7\u00f6z\u00fcmleri ve yaz\u0131l\u0131m uzmanl\u0131\u011f\u0131, weHIRE\u2019\u0131n yenilik\u00e7i insan kaynaklar\u0131 y\u00f6netim platformu ile birle\u015ferek, \u015firketlerin i\u015fe al\u0131m s\u00fcre\u00e7lerini optimize etmek i\u00e7in g\u00fc\u00e7l\u00fc bir sinerji yarat\u0131yor. Bu i\u015f birli\u011fi, i\u015fverenlere s\u00fcre\u00e7lerini h\u0131zland\u0131ran \u00e7\u00f6z\u00fcmler sunarken, adaylar i\u00e7in de do\u011fru pozisyonlarla bulu\u015fma imkan\u0131 sa\u011fl\u0131yor.<\/p>\n\n\n\n<p>Amac\u0131m\u0131z, dijitalle\u015fen i\u015f d\u00fcnyas\u0131nda hem i\u015fverenler hem de adaylar i\u00e7in verimli ve etkin s\u00fcre\u00e7ler tasarlayarak i\u015f g\u00fcc\u00fcn\u00fcn gelece\u011fini\u00a0d\u00f6n\u00fc\u015ft\u00fcrmek.<\/p>\n\n\n\n<div class=\"wp-block-columns is-layout-flex wp-container-core-columns-layout-1 wp-block-columns-is-layout-flex\"><\/div>\n","protected":false},"excerpt":{"rendered":"<p>VBAP olarak, SAP e\u011fitimlerimize kat\u0131lan yetenekli bireyler i\u00e7in i\u015f f\u0131rsatlar\u0131 sunmay\u0131 hedefleyen bir i\u015f birli\u011fiyle weHIRE ile g\u00fc\u00e7lerimizi birle\u015ftirdik. Bu ortakl\u0131k sayesinde, hem insan kaynaklar\u0131 s\u00fcre\u00e7lerinin dijital d\u00f6n\u00fc\u015f\u00fcm\u00fcne katk\u0131 sa\u011fl\u0131yor hem de i\u015fletmelerin ihtiya\u00e7lar\u0131na uygun, yetkin ekipler olu\u015fturmas\u0131na yard\u0131mc\u0131 oluyoruz. VBAP\u2019\u0131n ileri teknoloji SAP \u00e7\u00f6z\u00fcmleri ve yaz\u0131l\u0131m uzmanl\u0131\u011f\u0131, weHIRE\u2019\u0131n yenilik\u00e7i insan kaynaklar\u0131 y\u00f6netim platformu ile [&hellip;]<\/p>\n","protected":false},"author":1,"featured_media":0,"parent":0,"menu_order":0,"comment_status":"closed","ping_status":"closed","template":"pages\/page-widget.php","meta":{"footnotes":""},"_links":{"self":[{"href":"https:\/\/www.vbap.com.tr\/tr_TR\/wp-json\/wp\/v2\/pages\/1157"}],"collection":[{"href":"https:\/\/www.vbap.com.tr\/tr_TR\/wp-json\/wp\/v2\/pages"}],"about":[{"href":"https:\/\/www.vbap.com.tr\/tr_TR\/wp-json\/wp\/v2\/types\/page"}],"author":[{"embeddable":true,"href":"https:\/\/www.vbap.com.tr\/tr_TR\/wp-json\/wp\/v2\/users\/1"}],"replies":[{"embeddable":true,"href":"https:\/\/www.vbap.com.tr\/tr_TR\/wp-json\/wp\/v2\/comments?post=1157"}],"version-history":[{"count":7,"href":"https:\/\/www.vbap.com.tr\/tr_TR\/wp-json\/wp\/v2\/pages\/1157\/revisions"}],"predecessor-version":[{"id":1174,"href":"https:\/\/www.vbap.com.tr\/tr_TR\/wp-json\/wp\/v2\/pages\/1157\/revisions\/1174"}],"wp:attachment":[{"href":"https:\/\/www.vbap.com.tr\/tr_TR\/wp-json\/wp\/v2\/media?parent=1157"}],"curies":[{"name":"wp","href":"https:\/\/api.w.org\/{rel}","templated":true}]}}