{"id":588,"date":"2024-01-22T18:48:52","date_gmt":"2024-01-22T15:48:52","guid":{"rendered":"https:\/\/www.vbap.com.tr\/tr_TR\/?page_id=588"},"modified":"2024-01-22T20:12:08","modified_gmt":"2024-01-22T17:12:08","slug":"vsrm-tanitim-brosuru","status":"publish","type":"page","link":"https:\/\/www.vbap.com.tr\/tr_TR\/brosurler\/vsrm-tanitim-brosuru","title":{"rendered":"vSRM Tan\u0131t\u0131m Bro\u015f\u00fcr\u00fc"},"content":{"rendered":"<div class=\"_df_book df-container df-loading \" id=\"df_590\"  wpoptions=\"true\" ><\/div><script data-cfasync=\"false\">var option_df_590 = {\"outline\":[],\"forceFit\":\"true\",\"autoEnableOutline\":\"false\",\"autoEnableThumbnail\":\"false\",\"overwritePDFOutline\":\"false\",\"direction\":\"1\",\"pageMode\":\"0\",\"source\":\"https:\\\/\\\/www.vbap.com.tr\\\/tr_TR\\\/wp-content\\\/uploads\\\/new-vsrm-expanded.pdf\",\"wpOptions\":\"true\"}; if(window.DFLIP && DFLIP.parseBooks){DFLIP.parseBooks();}<\/script>\n\n\n\n<p><center><a class=\"rwcusButton\" href=\"https:\/\/www.vbap.com.tr\/tr_TR\/sap-entegre-vsrm-cozumu.html\" style=\"padding:10px 15px;\">\u00dcr\u00fcn Detaylar\u0131 Sayfas\u0131na Git&#8230;<\/a><\/center><\/p>\n","protected":false},"excerpt":{"rendered":"<p>\u00dcr\u00fcn Detaylar\u0131 Sayfas\u0131na Git&#8230;<\/p>\n","protected":false},"author":1,"featured_media":0,"parent":585,"menu_order":0,"comment_status":"closed","ping_status":"closed","template":"","meta":{"footnotes":""},"_links":{"self":[{"href":"https:\/\/www.vbap.com.tr\/tr_TR\/wp-json\/wp\/v2\/pages\/588"}],"collection":[{"href":"https:\/\/www.vbap.com.tr\/tr_TR\/wp-json\/wp\/v2\/pages"}],"about":[{"href":"https:\/\/www.vbap.com.tr\/tr_TR\/wp-json\/wp\/v2\/types\/page"}],"author":[{"embeddable":true,"href":"https:\/\/www.vbap.com.tr\/tr_TR\/wp-json\/wp\/v2\/users\/1"}],"replies":[{"embeddable":true,"href":"https:\/\/www.vbap.com.tr\/tr_TR\/wp-json\/wp\/v2\/comments?post=588"}],"version-history":[{"count":4,"href":"https:\/\/www.vbap.com.tr\/tr_TR\/wp-json\/wp\/v2\/pages\/588\/revisions"}],"predecessor-version":[{"id":632,"href":"https:\/\/www.vbap.com.tr\/tr_TR\/wp-json\/wp\/v2\/pages\/588\/revisions\/632"}],"up":[{"embeddable":true,"href":"https:\/\/www.vbap.com.tr\/tr_TR\/wp-json\/wp\/v2\/pages\/585"}],"wp:attachment":[{"href":"https:\/\/www.vbap.com.tr\/tr_TR\/wp-json\/wp\/v2\/media?parent=588"}],"curies":[{"name":"wp","href":"https:\/\/api.w.org\/{rel}","templated":true}]}}